{"id":10209,"date":"2025-10-16T16:21:26","date_gmt":"2025-10-16T14:21:26","guid":{"rendered":"https:\/\/www.sartoriamilano.com\/?post_type=product&#038;p=10209"},"modified":"2026-04-01T16:07:59","modified_gmt":"2026-04-01T14:07:59","slug":"abito-su-misura-prestige-mod-milano-borromeo","status":"publish","type":"product","link":"https:\/\/www.sartoriamilano.com\/en\/negozio\/abito-su-misura-prestige-mod-milano-borromeo\/","title":{"rendered":"Abito su misura Prestige Mod. Milano Borromeo &#8211; Gift Card"},"content":{"rendered":"<div class=\"elementor-element elementor-element-bebe479 elementor-widget elementor-widget-woocommerce-product-price\" data-id=\"bebe479\" data-element_type=\"widget\" data-widget_type=\"woocommerce-product-price.default\">\n<span class=\"s1\">Il modello Borromeo, caratterizzato dalla bottonatura a doppio petto, collo a lancia.<\/span><\/p>\n<\/div>\n<div class=\"elementor-element elementor-element-2af713a elementor-widget elementor-widget-woocommerce-product-short-description\" data-id=\"2af713a\" data-element_type=\"widget\" data-widget_type=\"woocommerce-product-short-description.default\">\n<div class=\"woocommerce-product-details__short-description\">\n<p class=\"p1\"><span class=\"s1\">Questo tipo di capo ha un aspetto pi\u00f9 formale e audace. \u00c8 ideale per essere utilizzato in occasioni speciali.<\/span><\/p>\n<\/div>\n<\/div>\n<p>La selezione di tessuti Prestige, d\u00e0 vita agli abiti business per eccellenza, e grazie al peso confortevole, sono il miglior outfit per l\u2019ufficio. L\u2019 utilizzo di queste stoffe \u00e8 garanzia di versatilit\u00e0: quella che permette all\u2019abito di adattarsi ai diversi climi durante l\u2019anno, quella della resistenza che asseconda la dinamica vita di tutti i giorni, e quella della semplicit\u00e0 che si presta con eleganza anche alle occasioni formali.<\/p>\n","protected":false},"excerpt":{"rendered":"<p>Il modello Borromeo, caratterizzato dalla bottonatura a doppio petto, collo a lancia. Questo tipo di capo ha un aspetto pi\u00f9 formale e audace. \u00c8 ideale per essere utilizzato in occasioni speciali. La selezione di tessuti Prestige, d\u00e0 vita agli abiti business per eccellenza, e grazie al peso confortevole, sono il miglior outfit per l\u2019ufficio. L\u2019 [&hellip;]<\/p>\n","protected":false},"featured_media":8985,"template":"","meta":[],"product_brand":[214],"product_cat":[25],"product_tag":[],"class_list":{"0":"post-10209","1":"product","2":"type-product","3":"status-publish","4":"has-post-thumbnail","6":"product_brand-sartoriamilano","7":"product_cat-gift-card","9":"first","10":"instock","11":"taxable","12":"shipping-taxable","13":"purchasable","14":"product-type-pw-gift-card","15":"has-default-attributes"},"_links":{"self":[{"href":"https:\/\/www.sartoriamilano.com\/en\/wp-json\/wp\/v2\/product\/10209","targetHints":{"allow":["GET"]}}],"collection":[{"href":"https:\/\/www.sartoriamilano.com\/en\/wp-json\/wp\/v2\/product"}],"about":[{"href":"https:\/\/www.sartoriamilano.com\/en\/wp-json\/wp\/v2\/types\/product"}],"version-history":[{"count":5,"href":"https:\/\/www.sartoriamilano.com\/en\/wp-json\/wp\/v2\/product\/10209\/revisions"}],"predecessor-version":[{"id":11341,"href":"https:\/\/www.sartoriamilano.com\/en\/wp-json\/wp\/v2\/product\/10209\/revisions\/11341"}],"wp:featuredmedia":[{"embeddable":true,"href":"https:\/\/www.sartoriamilano.com\/en\/wp-json\/wp\/v2\/media\/8985"}],"wp:attachment":[{"href":"https:\/\/www.sartoriamilano.com\/en\/wp-json\/wp\/v2\/media?parent=10209"}],"wp:term":[{"taxonomy":"product_brand","embeddable":true,"href":"https:\/\/www.sartoriamilano.com\/en\/wp-json\/wp\/v2\/product_brand?post=10209"},{"taxonomy":"product_cat","embeddable":true,"href":"https:\/\/www.sartoriamilano.com\/en\/wp-json\/wp\/v2\/product_cat?post=10209"},{"taxonomy":"product_tag","embeddable":true,"href":"https:\/\/www.sartoriamilano.com\/en\/wp-json\/wp\/v2\/product_tag?post=10209"}],"curies":[{"name":"wp","href":"https:\/\/api.w.org\/{rel}","templated":true}]}}