{"id":10408,"date":"2025-10-24T16:42:11","date_gmt":"2025-10-24T14:42:11","guid":{"rendered":"https:\/\/www.sartoriamilano.com\/?post_type=product&#038;p=10408"},"modified":"2026-04-01T16:07:38","modified_gmt":"2026-04-01T14:07:38","slug":"giacche-su-misura-prestige","status":"publish","type":"product","link":"https:\/\/www.sartoriamilano.com\/en\/negozio\/giacche-su-misura-prestige\/","title":{"rendered":"Giacche su misura Prestige &#8211; Gift Card"},"content":{"rendered":"<div class=\"elementor-element elementor-element-bebe479 elementor-widget elementor-widget-woocommerce-product-price\" data-id=\"bebe479\" data-element_type=\"widget\" data-widget_type=\"woocommerce-product-price.default\">\n<div class=\"elementor-element elementor-element-bebe479 elementor-widget elementor-widget-woocommerce-product-price\" data-id=\"bebe479\" data-element_type=\"widget\" data-widget_type=\"woocommerce-product-price.default\">\n<div class=\"elementor-element elementor-element-bebe479 elementor-widget elementor-widget-woocommerce-product-price\" data-id=\"bebe479\" data-element_type=\"widget\" data-widget_type=\"woocommerce-product-price.default\">\n<div class=\"elementor-element elementor-element-bebe479 elementor-widget elementor-widget-woocommerce-product-price\" data-id=\"bebe479\" data-element_type=\"widget\" data-widget_type=\"woocommerce-product-price.default\">\n<div class=\"elementor-element elementor-element-bebe479 elementor-widget elementor-widget-woocommerce-product-price\" data-id=\"bebe479\" data-element_type=\"widget\" data-widget_type=\"woocommerce-product-price.default\">\n<div class=\"elementor-element elementor-element-bebe479 elementor-widget elementor-widget-woocommerce-product-price\" data-id=\"bebe479\" data-element_type=\"widget\" data-widget_type=\"woocommerce-product-price.default\">\n<p>La selezione Prestige unisce leggerezza e precisione sartoriale. I tessuti scelti offrono traspirabilit\u00e0 e resistenza, garantendo una vestibilit\u00e0 impeccabile durante tutta la giornata. Una giacca versatile, ideale per il lavoro come per le occasioni pi\u00f9 formali.<\/p>\n<p><strong>Acquista la giacca su Misura e prenota un <a href=\"https:\/\/www.sartoriamilano.com\/servizi-sartoria\/showroom\/\">appuntamento nel nostro showroom<\/a>\u00a0per le misurazioni.<\/strong><\/p>\n<\/div>\n<\/div>\n<\/div>\n<\/div>\n<\/div>\n<\/div>\n","protected":false},"excerpt":{"rendered":"<p>La selezione Prestige unisce leggerezza e precisione sartoriale. I tessuti scelti offrono traspirabilit\u00e0 e resistenza, garantendo una vestibilit\u00e0 impeccabile durante tutta la giornata. Una giacca versatile, ideale per il lavoro come per le occasioni pi\u00f9 formali. Acquista la giacca su Misura e prenota un appuntamento nel nostro showroom\u00a0per le misurazioni.<\/p>\n","protected":false},"featured_media":10396,"template":"","meta":[],"product_brand":[214],"product_cat":[25],"product_tag":[],"class_list":{"0":"post-10408","1":"product","2":"type-product","3":"status-publish","4":"has-post-thumbnail","6":"product_brand-sartoriamilano","7":"product_cat-gift-card","9":"first","10":"instock","11":"taxable","12":"shipping-taxable","13":"purchasable","14":"product-type-pw-gift-card","15":"has-default-attributes"},"_links":{"self":[{"href":"https:\/\/www.sartoriamilano.com\/en\/wp-json\/wp\/v2\/product\/10408","targetHints":{"allow":["GET"]}}],"collection":[{"href":"https:\/\/www.sartoriamilano.com\/en\/wp-json\/wp\/v2\/product"}],"about":[{"href":"https:\/\/www.sartoriamilano.com\/en\/wp-json\/wp\/v2\/types\/product"}],"version-history":[{"count":4,"href":"https:\/\/www.sartoriamilano.com\/en\/wp-json\/wp\/v2\/product\/10408\/revisions"}],"predecessor-version":[{"id":10999,"href":"https:\/\/www.sartoriamilano.com\/en\/wp-json\/wp\/v2\/product\/10408\/revisions\/10999"}],"wp:featuredmedia":[{"embeddable":true,"href":"https:\/\/www.sartoriamilano.com\/en\/wp-json\/wp\/v2\/media\/10396"}],"wp:attachment":[{"href":"https:\/\/www.sartoriamilano.com\/en\/wp-json\/wp\/v2\/media?parent=10408"}],"wp:term":[{"taxonomy":"product_brand","embeddable":true,"href":"https:\/\/www.sartoriamilano.com\/en\/wp-json\/wp\/v2\/product_brand?post=10408"},{"taxonomy":"product_cat","embeddable":true,"href":"https:\/\/www.sartoriamilano.com\/en\/wp-json\/wp\/v2\/product_cat?post=10408"},{"taxonomy":"product_tag","embeddable":true,"href":"https:\/\/www.sartoriamilano.com\/en\/wp-json\/wp\/v2\/product_tag?post=10408"}],"curies":[{"name":"wp","href":"https:\/\/api.w.org\/{rel}","templated":true}]}}